{"id":15,"date":"2024-02-06T16:46:21","date_gmt":"2024-02-06T16:46:21","guid":{"rendered":"https:\/\/wholesafeinsurance.com\/?page_id=15"},"modified":"2024-02-16T23:19:41","modified_gmt":"2024-02-16T23:19:41","slug":"agenda-tu-cita","status":"publish","type":"page","link":"https:\/\/wholesafeinsurance.com\/","title":{"rendered":"Agenda tu cita"},"content":{"rendered":"<p>[et_pb_section fb_built=&#8221;1&#8243; admin_label=&#8221;Header&#8221; _builder_version=&#8221;4.24.0&#8243; _module_preset=&#8221;default&#8221; background_color=&#8221;gcid-fc7b31e8-94d8-4560-b647-c33fa43cc805&#8243; overflow-x=&#8221;hidden&#8221; overflow-y=&#8221;hidden&#8221; custom_margin=&#8221;20px|20px|20px|20px|true|true&#8221; custom_padding=&#8221;0px||0px|||&#8221; border_radii=&#8221;on|10px|10px|10px|10px&#8221; collapsed=&#8221;on&#8221; global_colors_info=&#8221;{%22gcid-fc7b31e8-94d8-4560-b647-c33fa43cc805%22:%91%22background_color%22,%22background_color%22%93}&#8221;][et_pb_row column_structure=&#8221;1_2,1_2&#8243; make_equal=&#8221;on&#8221; _builder_version=&#8221;4.22.0&#8243; _module_preset=&#8221;default&#8221; background_enable_color=&#8221;off&#8221; custom_padding=&#8221;28px||0px|||&#8221; global_colors_info=&#8221;{%22gcid-fc7b31e8-94d8-4560-b647-c33fa43cc805%22:%91%22background_color%22%93}&#8221;][et_pb_column type=&#8221;1_2&#8243; _builder_version=&#8221;4.22.0&#8243; _module_preset=&#8221;default&#8221; z_index=&#8221;10&#8243; custom_padding=&#8221;6vw||6vw||true|false&#8221; custom_padding_tablet=&#8221;|30px|||true|false&#8221; custom_padding_phone=&#8221;|20px|||true|false&#8221; custom_padding_last_edited=&#8221;on|tablet&#8221; global_colors_info=&#8221;{}&#8221;][et_pb_image src=&#8221;http:\/\/wholesafeinsurance.com\/wp-content\/uploads\/2024\/02\/LOGO_WholeSafe_RGB_large.png&#8221; title_text=&#8221;LOGO_WholeSafe_RGB_large&#8221; _builder_version=&#8221;4.24.0&#8243; _module_preset=&#8221;default&#8221; width=&#8221;49%&#8221; width_tablet=&#8221;41%&#8221; width_phone=&#8221;65%&#8221; width_last_edited=&#8221;on|tablet&#8221; module_alignment=&#8221;left&#8221; custom_margin=&#8221;|0px||0px|false|true&#8221; custom_margin_tablet=&#8221;0px||||false|false&#8221; custom_margin_phone=&#8221;0vw||||false|false&#8221; custom_margin_last_edited=&#8221;on|tablet&#8221; global_colors_info=&#8221;{}&#8221;][\/et_pb_image][et_pb_text _builder_version=&#8221;4.24.0&#8243; _module_preset=&#8221;dd2b305e-2cc1-4de8-bb13-1f5c9f0d1867&#8243; header_font=&#8221;Montserrat|700|||||||&#8221; header_font_size=&#8221;62px&#8221; custom_margin=&#8221;||10px||false|false&#8221; header_font_size_tablet=&#8221;&#8221; header_font_size_phone=&#8221;27px&#8221; header_font_size_last_edited=&#8221;on|phone&#8221; global_colors_info=&#8221;{}&#8221;]<\/p>\n<h1>Agenda tu cita<\/h1>\n<p>[\/et_pb_text][et_pb_text _builder_version=&#8221;4.24.0&#8243; _module_preset=&#8221;2b9ac4b8-434c-47ab-ae66-2b966d33b31c&#8221; text_font=&#8221;Montserrat||||||||&#8221; text_font_size=&#8221;15px&#8221; global_colors_info=&#8221;{}&#8221;]<\/p>\n<p>Ser\u00e1s atendido en l\u00ednea o en nuestras oficinas el d\u00eda y a la hora que quieras. Al escoger la fecha en el calendario, el sistema te pedir\u00e1 que ingreses tus datos (nombre, correo electr\u00f3nico y tel\u00e9fono). Al aceptar, recibir\u00e1s un correo electr\u00f3nico de confirmaci\u00f3n, este puedes guardarlo en tu agenda electr\u00f3nica (recomendado) o en tus correos. All\u00ed encontrar\u00e1s el enlace de Zoom, a trav\u00e9s del cual mantendremos nuestra reuni\u00f3n virtual. Si deseas tu cita presencial debes contactarnos por tel\u00e9fono para confirmar: +1 (786) 368 &#8211; 4745<\/p>\n<div class=\"calendly-inline-widget\" data-url=\"https:\/\/calendly.com\/212universalgroup\/cita?text_color=347902&amp;primary_color=5d5d5d\" data-processed=\"true\">\n<div class=\"calendly-spinner\">\n<div class=\"calendly-bounce1\"><\/div>\n<div class=\"calendly-bounce2\"><\/div>\n<\/div>\n<\/div>\n<p>[\/et_pb_text][et_pb_button button_text=&#8221;Agenda tu cita&#8221; _builder_version=&#8221;4.24.0&#8243; _module_preset=&#8221;fe980793-c655-4e60-821c-9944472e0e07&#8243; button_text_color=&#8221;#FFFFFF&#8221; button_bg_color=&#8221;#44b749&#8243; button_font=&#8221;Poppins|700||on|||||&#8221; global_colors_info=&#8221;{}&#8221;][\/et_pb_button][\/et_pb_column][et_pb_column type=&#8221;1_2&#8243; _builder_version=&#8221;4.22.0&#8243; _module_preset=&#8221;default&#8221; global_colors_info=&#8221;{}&#8221;][et_pb_code _builder_version=&#8221;4.24.0&#8243; _module_preset=&#8221;default&#8221; hover_enabled=&#8221;0&#8243; sticky_enabled=&#8221;0&#8243;]<!-- Calendly inline widget begin --><!-- [et_pb_line_break_holder] --><\/p>\n<div class=\"calendly-inline-widget\" data-url=\"https:\/\/calendly.com\/wholesafe\/30min\" style=\"min-width:320px;height:700px;\"><\/div>\n<p><!-- [et_pb_line_break_holder] --><script type=\"text\/javascript\" src=\"https:\/\/assets.calendly.com\/assets\/external\/widget.js\" async><\/script><!-- [et_pb_line_break_holder] --><!-- Calendly inline widget end -->[\/et_pb_code][\/et_pb_column][\/et_pb_row][\/et_pb_section]<\/p>\n","protected":false},"excerpt":{"rendered":"<p>Agenda tu citaSer\u00e1s atendido en l\u00ednea o en nuestras oficinas el d\u00eda y a la hora que quieras. Al escoger la fecha en el calendario, el sistema te pedir\u00e1 que ingreses tus datos (nombre, correo electr\u00f3nico y tel\u00e9fono). Al aceptar, recibir\u00e1s un correo electr\u00f3nico de confirmaci\u00f3n, este puedes guardarlo en tu agenda electr\u00f3nica (recomendado) o [&hellip;]<\/p>\n","protected":false},"author":1,"featured_media":0,"parent":0,"menu_order":0,"comment_status":"closed","ping_status":"closed","template":"page-template-blank.php","meta":{"_et_pb_use_builder":"on","_et_pb_old_content":"<!-- wp:divi\/placeholder \/-->","_et_gb_content_width":"","om_disable_all_campaigns":false,"_monsterinsights_skip_tracking":false,"_monsterinsights_sitenote_active":false,"_monsterinsights_sitenote_note":"","_monsterinsights_sitenote_category":0,"footnotes":""},"aioseo_notices":[],"_links":{"self":[{"href":"https:\/\/wholesafeinsurance.com\/index.php\/wp-json\/wp\/v2\/pages\/15"}],"collection":[{"href":"https:\/\/wholesafeinsurance.com\/index.php\/wp-json\/wp\/v2\/pages"}],"about":[{"href":"https:\/\/wholesafeinsurance.com\/index.php\/wp-json\/wp\/v2\/types\/page"}],"author":[{"embeddable":true,"href":"https:\/\/wholesafeinsurance.com\/index.php\/wp-json\/wp\/v2\/users\/1"}],"replies":[{"embeddable":true,"href":"https:\/\/wholesafeinsurance.com\/index.php\/wp-json\/wp\/v2\/comments?post=15"}],"version-history":[{"count":11,"href":"https:\/\/wholesafeinsurance.com\/index.php\/wp-json\/wp\/v2\/pages\/15\/revisions"}],"predecessor-version":[{"id":99,"href":"https:\/\/wholesafeinsurance.com\/index.php\/wp-json\/wp\/v2\/pages\/15\/revisions\/99"}],"wp:attachment":[{"href":"https:\/\/wholesafeinsurance.com\/index.php\/wp-json\/wp\/v2\/media?parent=15"}],"curies":[{"name":"wp","href":"https:\/\/api.w.org\/{rel}","templated":true}]}}